{"id":22,"date":"2026-02-15T13:51:12","date_gmt":"2026-02-15T13:51:12","guid":{"rendered":"https:\/\/andreasmerz.com\/?page_id=22"},"modified":"2026-02-24T15:52:36","modified_gmt":"2026-02-24T15:52:36","slug":"frequenztherapie","status":"publish","type":"page","link":"https:\/\/andreasmerz.com\/?page_id=22","title":{"rendered":"Frequenzmedizin"},"content":{"rendered":"\n<h3 class=\"wp-block-heading\">Regulation durch gezielte Schwingungen<\/h3>\n\n\n\n<p>Die Frequenzmedizin geht davon aus, dass biologische Systeme auf elektromagnetische Schwingungen reagieren und durch gezielte Frequenzen reguliert werden k\u00f6nnen. Aufbauend auf Erkenntnissen von Nikola Tesla, Dr. Royal Raymond Rife und Georges Lakhovsky nutze ich in meiner Praxis moderne Formen der Frequenz- und Hochfrequenztherapie zur Unterst\u00fctzung der k\u00f6rpereigenen Selbstregulation.<\/p>\n\n\n\n<p>Die Anwendung erfolgt individuell und ber\u00fccksichtigt den aktuellen Belastungs- und Regulationszustand des Patienten. Ziel ist es, energetische Blockaden zu harmonisieren, physiologische Prozesse zu unterst\u00fctzen und die k\u00f6rpereigenen Heilmechanismen zu aktivieren.<\/p>\n\n\n\n<p>Die Frequenzmedizin versteht sich dabei nicht als Ersatz, sondern als erg\u00e4nzender Ansatz innerhalb eines ganzheitlichen Therapiekonzeptes.<\/p>\n\n\n\n<figure class=\"wp-block-image size-large\"><img loading=\"lazy\" decoding=\"async\" width=\"1024\" height=\"495\" src=\"https:\/\/andreasmerz.com\/wp-content\/uploads\/2026\/02\/20260209_143621-1024x495.jpg\" alt=\"\" class=\"wp-image-49\" srcset=\"https:\/\/andreasmerz.com\/wp-content\/uploads\/2026\/02\/20260209_143621-1024x495.jpg 1024w, https:\/\/andreasmerz.com\/wp-content\/uploads\/2026\/02\/20260209_143621-300x145.jpg 300w, https:\/\/andreasmerz.com\/wp-content\/uploads\/2026\/02\/20260209_143621-768x372.jpg 768w, https:\/\/andreasmerz.com\/wp-content\/uploads\/2026\/02\/20260209_143621-1536x743.jpg 1536w, https:\/\/andreasmerz.com\/wp-content\/uploads\/2026\/02\/20260209_143621-2048x991.jpg 2048w\" sizes=\"auto, (max-width: 1024px) 100vw, 1024px\" \/><\/figure>\n\n\n\n<p>Der <strong>Zell-Vitalisierer<\/strong>, oder auch f\u00e4lschlicherweise oft <strong>Tesla-Oszillator<\/strong> genannt, findet in meiner Praxis Anwendung bei lokalen Beschwerden. Besonders effektiv ist die Behandlung von H\u00e4matomen, Entz\u00fcndungen im Bewegungsaparat und Verstimmungen einzelner Organe. Auch Wunden heilen schneller mit reduzierter Narbenbildung durch mehrfache Befeldung mit diesem Frequenzger\u00e4t. Bei der Akupunktur findet der Zell-Vitalisierer Anwendung zur gesteigerten Stimulation der Akupunkturpunkte.<\/p>\n\n\n\n<p>Sanfte elektromagnetische Wellen in der Frequenz von Sonnenlicht strukturiert das Wasser im K\u00f6rper, wodurch Zellstoffwechsel und Zellentgiftung stimuliert und erleichtert werden. Dadurch wird die mitochondriale Leistung verbessert, wodurch Heilungsprozesse deutlich beschleunigt werden k\u00f6nnen. Auch das Blut wird positiv beeinflusst, wodurch die Versorgung des K\u00f6rpers mit Sauerstoff, Vitaminen und Mineralien verbessert wird. Auch kann der Zell-Vitalisierer gegen die Bildung von Mikrothromben wirken und so prophylaktisch gegen Thrombosen. <\/p>\n\n\n\n<figure class=\"wp-block-image size-large\"><img loading=\"lazy\" decoding=\"async\" width=\"1021\" height=\"1024\" src=\"https:\/\/andreasmerz.com\/wp-content\/uploads\/2026\/02\/20260209_144303-1021x1024.jpg\" alt=\"\" class=\"wp-image-50\" srcset=\"https:\/\/andreasmerz.com\/wp-content\/uploads\/2026\/02\/20260209_144303-1021x1024.jpg 1021w, https:\/\/andreasmerz.com\/wp-content\/uploads\/2026\/02\/20260209_144303-300x300.jpg 300w, https:\/\/andreasmerz.com\/wp-content\/uploads\/2026\/02\/20260209_144303-150x150.jpg 150w, https:\/\/andreasmerz.com\/wp-content\/uploads\/2026\/02\/20260209_144303-768x770.jpg 768w, https:\/\/andreasmerz.com\/wp-content\/uploads\/2026\/02\/20260209_144303-1531x1536.jpg 1531w, https:\/\/andreasmerz.com\/wp-content\/uploads\/2026\/02\/20260209_144303-2042x2048.jpg 2042w\" sizes=\"auto, (max-width: 1021px) 100vw, 1021px\" \/><\/figure>\n\n\n\n<p>Der <strong>Multiwellen-Oszillator<\/strong>, urspr\u00fcnglich von George Lakhovsky erfunden, ist eine Weiterentwicklung der Vorlage aus dem fr\u00fchen 19. Jh.  Er sendet als Standard elektromagnetische Wellen in den Solfeggio-Frequenzen (Tonleiter C,D,E,F,G,A,H auf der Basis von 432 Hz als Kammerton A) aus. Dies bewirkt eine Stimulation auf Organebene, wodurch die Leistung aller befeldeten Organe verbessert wird und eventuelle Sch\u00e4den behandelt werden k\u00f6nnen. Das von mir verwendete Modell bietet auch die M\u00f6glichkeit der Einspeisung von beliebigen Frequenzen im Niederfrequenzbereich (0Hz &#8211; 100kHz). Ich setze ihn oft ein um mit den entsprechenden Frequenzen Hirnwellen sowohl akustisch wie auch elektromagnetisch zu stimulieren. Meditationen gehen tiefer und leichter, psychischer Stress nimmt ab und auch Unregelm\u00e4\u00dfigkeiten in der Hirnfunktion, wie ADHS, Konzentrationsst\u00f6rungen und anderes k\u00f6nnen dadurch reguliert werden. <\/p>\n","protected":false},"excerpt":{"rendered":"<p>Regulation durch gezielte Schwingungen Die Frequenzmedizin geht davon aus, dass biologische Systeme auf elektromagnetische Schwingungen reagieren und durch gezielte Frequenzen reguliert werden k\u00f6nnen. Aufbauend auf Erkenntnissen von Nikola Tesla, Dr. Royal Raymond Rife und Georges Lakhovsky nutze ich in meiner Praxis moderne Formen der Frequenz- und Hochfrequenztherapie zur Unterst\u00fctzung der k\u00f6rpereigenen Selbstregulation. Die Anwendung erfolgt [&hellip;]<\/p>\n","protected":false},"author":1,"featured_media":0,"parent":0,"menu_order":0,"comment_status":"closed","ping_status":"closed","template":"","meta":{"footnotes":""},"class_list":["post-22","page","type-page","status-publish","hentry"],"_links":{"self":[{"href":"https:\/\/andreasmerz.com\/index.php?rest_route=\/wp\/v2\/pages\/22","targetHints":{"allow":["GET"]}}],"collection":[{"href":"https:\/\/andreasmerz.com\/index.php?rest_route=\/wp\/v2\/pages"}],"about":[{"href":"https:\/\/andreasmerz.com\/index.php?rest_route=\/wp\/v2\/types\/page"}],"author":[{"embeddable":true,"href":"https:\/\/andreasmerz.com\/index.php?rest_route=\/wp\/v2\/users\/1"}],"replies":[{"embeddable":true,"href":"https:\/\/andreasmerz.com\/index.php?rest_route=%2Fwp%2Fv2%2Fcomments&post=22"}],"version-history":[{"count":6,"href":"https:\/\/andreasmerz.com\/index.php?rest_route=\/wp\/v2\/pages\/22\/revisions"}],"predecessor-version":[{"id":76,"href":"https:\/\/andreasmerz.com\/index.php?rest_route=\/wp\/v2\/pages\/22\/revisions\/76"}],"wp:attachment":[{"href":"https:\/\/andreasmerz.com\/index.php?rest_route=%2Fwp%2Fv2%2Fmedia&parent=22"}],"curies":[{"name":"wp","href":"https:\/\/api.w.org\/{rel}","templated":true}]}}