{"id":24,"date":"2026-02-15T13:51:32","date_gmt":"2026-02-15T13:51:32","guid":{"rendered":"https:\/\/andreasmerz.com\/?page_id=24"},"modified":"2026-02-15T13:51:32","modified_gmt":"2026-02-15T13:51:32","slug":"intuitive-massage","status":"publish","type":"page","link":"https:\/\/andreasmerz.com\/?page_id=24","title":{"rendered":"Intuitive Massage"},"content":{"rendered":"\n<p>Die intuitive Massage ist eine ganzheitliche K\u00f6rperarbeit, bei der verschiedene bew\u00e4hrte Massagetechniken situativ und individuell kombiniert werden. Im Mittelpunkt steht nicht eine starre Methode, sondern das achtsame Wahrnehmen des K\u00f6rpers und seiner aktuellen Bed\u00fcrfnisse.<\/p>\n\n\n\n<p>Je nach Befund und Empfinden kommen Elemente aus der Dorn- und Breuss-Massage, Shiatsu, Thai-Massage sowie ausgew\u00e4hlte Techniken aus der Shaolin-Tradition zum Einsatz. Sanfte Korrekturen, rhythmischer Druck, Dehnungen und flie\u00dfende Bewegungen unterst\u00fctzen die nat\u00fcrliche Aufrichtung, f\u00f6rdern die Durchblutung und helfen, Spannungen auf k\u00f6rperlicher und energetischer Ebene zu l\u00f6sen.<\/p>\n\n\n\n<p>Jede Behandlung ist einzigartig. Sie orientiert sich an dem, was im Moment sinnvoll und unterst\u00fctzend ist. Ziel ist es, den K\u00f6rper in sein Gleichgewicht zur\u00fcckzuf\u00fchren, die Selbstregulation zu aktivieren und ein tiefes Gef\u00fchl von Entspannung und innerer Ruhe zu erm\u00f6glichen.<\/p>\n","protected":false},"excerpt":{"rendered":"<p>Die intuitive Massage ist eine ganzheitliche K\u00f6rperarbeit, bei der verschiedene bew\u00e4hrte Massagetechniken situativ und individuell kombiniert werden. Im Mittelpunkt steht nicht eine starre Methode, sondern das achtsame Wahrnehmen des K\u00f6rpers und seiner aktuellen Bed\u00fcrfnisse. Je nach Befund und Empfinden kommen Elemente aus der Dorn- und Breuss-Massage, Shiatsu, Thai-Massage sowie ausgew\u00e4hlte Techniken aus der Shaolin-Tradition zum [&hellip;]<\/p>\n","protected":false},"author":1,"featured_media":0,"parent":0,"menu_order":0,"comment_status":"closed","ping_status":"closed","template":"","meta":{"footnotes":""},"class_list":["post-24","page","type-page","status-publish","hentry"],"_links":{"self":[{"href":"https:\/\/andreasmerz.com\/index.php?rest_route=\/wp\/v2\/pages\/24","targetHints":{"allow":["GET"]}}],"collection":[{"href":"https:\/\/andreasmerz.com\/index.php?rest_route=\/wp\/v2\/pages"}],"about":[{"href":"https:\/\/andreasmerz.com\/index.php?rest_route=\/wp\/v2\/types\/page"}],"author":[{"embeddable":true,"href":"https:\/\/andreasmerz.com\/index.php?rest_route=\/wp\/v2\/users\/1"}],"replies":[{"embeddable":true,"href":"https:\/\/andreasmerz.com\/index.php?rest_route=%2Fwp%2Fv2%2Fcomments&post=24"}],"version-history":[{"count":2,"href":"https:\/\/andreasmerz.com\/index.php?rest_route=\/wp\/v2\/pages\/24\/revisions"}],"predecessor-version":[{"id":46,"href":"https:\/\/andreasmerz.com\/index.php?rest_route=\/wp\/v2\/pages\/24\/revisions\/46"}],"wp:attachment":[{"href":"https:\/\/andreasmerz.com\/index.php?rest_route=%2Fwp%2Fv2%2Fmedia&parent=24"}],"curies":[{"name":"wp","href":"https:\/\/api.w.org\/{rel}","templated":true}]}}